{"id":5,"date":"2021-01-04T16:31:39","date_gmt":"2021-01-04T15:31:39","guid":{"rendered":"https:\/\/weyers.bplaced.net\/wedding\/?page_id=5"},"modified":"2022-01-30T17:34:29","modified_gmt":"2022-01-30T16:34:29","slug":"home","status":"publish","type":"page","link":"https:\/\/www.diana-und-patrick-hochzeiten.de\/de\/","title":{"rendered":"Home"},"content":{"rendered":"\t\t<div data-elementor-type=\"wp-page\" data-elementor-id=\"5\" class=\"elementor elementor-5\">\n\t\t\t\t\t\t<section class=\"elementor-section elementor-top-section elementor-element elementor-element-a7cb3da elementor-section-boxed elementor-section-height-default elementor-section-height-default\" data-id=\"a7cb3da\" data-element_type=\"section\" data-e-type=\"section\">\n\t\t\t\t\t\t<div class=\"elementor-container elementor-column-gap-default\">\n\t\t\t\t\t<div class=\"elementor-column elementor-col-50 elementor-top-column elementor-element elementor-element-70f93b0\" data-id=\"70f93b0\" data-element_type=\"column\" data-e-type=\"column\">\n\t\t\t<div class=\"elementor-widget-wrap elementor-element-populated\">\n\t\t\t\t\t\t<div class=\"elementor-element elementor-element-2476e83 elementor-widget elementor-widget-text-editor\" data-id=\"2476e83\" data-element_type=\"widget\" data-e-type=\"widget\" data-widget_type=\"text-editor.default\">\n\t\t\t\t<div class=\"elementor-widget-container\">\n\t\t\t\t\t\t\t\t\t<p style=\"font-family: 'Open Sans', sans-serif; font-size: 14px; font-style: normal;\">Am 9. Oktober 2020 haben wir uns in einem Ballon hoch \u00fcber Bad Segeberg verlobt.<\/p>\n<p style=\"font-family: 'Open Sans', sans-serif; font-size: 14px; font-style: normal;\">Unsere Hochzeit m\u00f6chten wir mit euch feiern und wir freuen uns auf ein tolles Wochenende <del>auf der wundersch\u00f6nen Insel Langeoog &#8211; unserer Lieblingsinsel<\/del> am Timmendorfer Strand &#8211; mit euch!<\/p>\nDie standesamtliche Trauung findet bereits einige Tage zuvor im Kreis der engen Familie und Trauzeugen statt.\n\nAm Samstag, den 11. Juni 2022 ab 16:00 laden wir euch herzlich zu unserer gro\u00dfen Hochzeitsfeier in das\u00a0<a href=\"https:\/\/www.diana-und-patrick-hochzeiten.de\/venue\/\">Wolkenlos<\/a>\u00a0ein und wollen es richtig krachen lassen!\t\t\t\t\t\t\t\t<\/div>\n\t\t\t\t<\/div>\n\t\t\t\t\t<\/div>\n\t\t<\/div>\n\t\t\t\t<div class=\"elementor-column elementor-col-50 elementor-top-column elementor-element elementor-element-aceb02f\" data-id=\"aceb02f\" data-element_type=\"column\" data-e-type=\"column\">\n\t\t\t<div class=\"elementor-widget-wrap elementor-element-populated\">\n\t\t\t\t\t\t<div class=\"elementor-element elementor-element-8e3b7a0 elementor-widget elementor-widget-video\" data-id=\"8e3b7a0\" data-element_type=\"widget\" data-e-type=\"widget\" data-settings=\"{&quot;youtube_url&quot;:&quot;https:\\\/\\\/youtu.be\\\/KLMBHFWHF4s&quot;,&quot;loop&quot;:&quot;yes&quot;,&quot;video_type&quot;:&quot;youtube&quot;,&quot;controls&quot;:&quot;yes&quot;}\" data-widget_type=\"video.default\">\n\t\t\t\t<div class=\"elementor-widget-container\">\n\t\t\t\t\t\t\t<div class=\"elementor-wrapper elementor-open-inline\">\n\t\t\t<div class=\"elementor-video\"><\/div>\t\t<\/div>\n\t\t\t\t\t\t<\/div>\n\t\t\t\t<\/div>\n\t\t\t\t\t<\/div>\n\t\t<\/div>\n\t\t\t\t\t<\/div>\n\t\t<\/section>\n\t\t\t\t<section class=\"elementor-section elementor-top-section elementor-element elementor-element-b9d5e91 elementor-section-boxed elementor-section-height-default elementor-section-height-default\" data-id=\"b9d5e91\" data-element_type=\"section\" data-e-type=\"section\">\n\t\t\t\t\t\t<div class=\"elementor-container elementor-column-gap-default\">\n\t\t\t\t\t<div class=\"elementor-column elementor-col-50 elementor-top-column elementor-element elementor-element-f5e223b\" data-id=\"f5e223b\" data-element_type=\"column\" data-e-type=\"column\">\n\t\t\t<div class=\"elementor-widget-wrap elementor-element-populated\">\n\t\t\t\t\t\t<div class=\"elementor-element elementor-element-5feb571 elementor-widget elementor-widget-image\" data-id=\"5feb571\" data-element_type=\"widget\" data-e-type=\"widget\" data-widget_type=\"image.default\">\n\t\t\t\t<div class=\"elementor-widget-container\">\n\t\t\t\t\t\t\t\t\t\t\t\t\t\t\t<img fetchpriority=\"high\" decoding=\"async\" width=\"768\" height=\"1038\" src=\"https:\/\/www.diana-und-patrick-hochzeiten.de\/wp-content\/uploads\/2021\/07\/a3ccacc8-d81e-4eb5-b93c-3fc1d1b5279c-1-768x1038.jpg\" class=\"attachment-medium_large size-medium_large wp-image-450\" alt=\"\" srcset=\"https:\/\/www.diana-und-patrick-hochzeiten.de\/wp-content\/uploads\/2021\/07\/a3ccacc8-d81e-4eb5-b93c-3fc1d1b5279c-1-768x1038.jpg 768w, https:\/\/www.diana-und-patrick-hochzeiten.de\/wp-content\/uploads\/2021\/07\/a3ccacc8-d81e-4eb5-b93c-3fc1d1b5279c-1-222x300.jpg 222w, https:\/\/www.diana-und-patrick-hochzeiten.de\/wp-content\/uploads\/2021\/07\/a3ccacc8-d81e-4eb5-b93c-3fc1d1b5279c-1-758x1024.jpg 758w, https:\/\/www.diana-und-patrick-hochzeiten.de\/wp-content\/uploads\/2021\/07\/a3ccacc8-d81e-4eb5-b93c-3fc1d1b5279c-1-9x12.jpg 9w, https:\/\/www.diana-und-patrick-hochzeiten.de\/wp-content\/uploads\/2021\/07\/a3ccacc8-d81e-4eb5-b93c-3fc1d1b5279c-1.jpg 1004w\" sizes=\"(max-width: 768px) 100vw, 768px\" \/>\t\t\t\t\t\t\t\t\t\t\t\t\t\t\t<\/div>\n\t\t\t\t<\/div>\n\t\t\t\t\t<\/div>\n\t\t<\/div>\n\t\t\t\t<div class=\"elementor-column elementor-col-50 elementor-top-column elementor-element elementor-element-0f17bc0\" data-id=\"0f17bc0\" data-element_type=\"column\" data-e-type=\"column\">\n\t\t\t<div class=\"elementor-widget-wrap elementor-element-populated\">\n\t\t\t\t\t\t<div class=\"elementor-element elementor-element-7e8caf5 elementor-widget elementor-widget-text-editor\" data-id=\"7e8caf5\" data-element_type=\"widget\" data-e-type=\"widget\" data-widget_type=\"text-editor.default\">\n\t\t\t\t<div class=\"elementor-widget-container\">\n\t\t\t\t\t\t\t\t\t<p>Bitte vergesst nicht, euch auf unserer Anmeldeseite\u00a0<a href=\"https:\/\/www.diana-und-patrick-hochzeiten.de\/rsvp\/\">RSVP\u00a0<\/a>zu registrieren und uns mitzuteilen, ob ihr dabei seid oder ob ihr leider nicht teilnehmen k\u00f6nnt.<\/p><p>F\u00fcr den einen oder anderen ist die\u00a0Anreise\u00a0auf in den Norden &#8222;nicht ganz ohne&#8220;. Wenn ihr euch entscheidet, dabei zu sein, empfehlen wir euch, den Aufenthalt um einige Tage vor oder nach der Feier zu verl\u00e4ngern und eine gute und entspannte Zeit in einer\u00a0<a href=\"https:\/\/www.diana-und-patrick-hochzeiten.de\/accommodation\/\">Unterkunft\u00a0<\/a>eurer Wahl am Strand zu verbringen.<\/p><p>Antworten auf einige (h\u00e4ufig gestellte?) Fragen haben wir euch\u00a0<a href=\"https:\/\/www.diana-und-patrick-hochzeiten.de\/faq\/\">hier<\/a>\u00a0zusammengestellt. Und wenn ihr dennoch nicht weiterwisst, findet ihr\u00a0<a href=\"https:\/\/www.diana-und-patrick-hochzeiten.de\/contact\/\">hier<\/a>\u00a0alle wichtigen Kontaktdaten!<\/p><p>Wir freuen uns auf euch!<\/p>\t\t\t\t\t\t\t\t<\/div>\n\t\t\t\t<\/div>\n\t\t\t\t\t<\/div>\n\t\t<\/div>\n\t\t\t\t\t<\/div>\n\t\t<\/section>\n\t\t\t\t<section class=\"elementor-section elementor-top-section elementor-element elementor-element-2da5f96 elementor-section-boxed elementor-section-height-default elementor-section-height-default\" data-id=\"2da5f96\" data-element_type=\"section\" data-e-type=\"section\">\n\t\t\t\t\t\t<div class=\"elementor-container elementor-column-gap-default\">\n\t\t\t\t\t<div class=\"elementor-column elementor-col-100 elementor-top-column elementor-element elementor-element-98c2ed9\" data-id=\"98c2ed9\" data-element_type=\"column\" data-e-type=\"column\">\n\t\t\t<div class=\"elementor-widget-wrap elementor-element-populated\">\n\t\t\t\t\t\t<div class=\"elementor-element elementor-element-dcbfb6d elementor-widget-divider--view-line elementor-widget elementor-widget-divider\" data-id=\"dcbfb6d\" data-element_type=\"widget\" data-e-type=\"widget\" data-widget_type=\"divider.default\">\n\t\t\t\t<div class=\"elementor-widget-container\">\n\t\t\t\t\t\t\t<div class=\"elementor-divider\">\n\t\t\t<span class=\"elementor-divider-separator\">\n\t\t\t\t\t\t<\/span>\n\t\t<\/div>\n\t\t\t\t\t\t<\/div>\n\t\t\t\t<\/div>\n\t\t\t\t\t<\/div>\n\t\t<\/div>\n\t\t\t\t\t<\/div>\n\t\t<\/section>\n\t\t\t\t<section class=\"elementor-section elementor-top-section elementor-element elementor-element-cb6d36a elementor-section-boxed elementor-section-height-default elementor-section-height-default\" data-id=\"cb6d36a\" data-element_type=\"section\" data-e-type=\"section\">\n\t\t\t\t\t\t<div class=\"elementor-container elementor-column-gap-default\">\n\t\t\t\t\t<div class=\"elementor-column elementor-col-33 elementor-top-column elementor-element elementor-element-3415d1a\" data-id=\"3415d1a\" data-element_type=\"column\" data-e-type=\"column\">\n\t\t\t<div class=\"elementor-widget-wrap elementor-element-populated\">\n\t\t\t\t\t\t<div class=\"elementor-element elementor-element-b92153d elementor-widget elementor-widget-image\" data-id=\"b92153d\" data-element_type=\"widget\" data-e-type=\"widget\" data-widget_type=\"image.default\">\n\t\t\t\t<div class=\"elementor-widget-container\">\n\t\t\t\t\t\t\t\t\t\t\t\t\t\t\t<img decoding=\"async\" width=\"300\" height=\"225\" src=\"https:\/\/www.diana-und-patrick-hochzeiten.de\/wp-content\/uploads\/2021\/07\/IMG_1445-300x225.jpeg\" class=\"attachment-medium size-medium wp-image-428\" alt=\"\" srcset=\"https:\/\/www.diana-und-patrick-hochzeiten.de\/wp-content\/uploads\/2021\/07\/IMG_1445-300x225.jpeg 300w, https:\/\/www.diana-und-patrick-hochzeiten.de\/wp-content\/uploads\/2021\/07\/IMG_1445-1024x768.jpeg 1024w, https:\/\/www.diana-und-patrick-hochzeiten.de\/wp-content\/uploads\/2021\/07\/IMG_1445-768x576.jpeg 768w, https:\/\/www.diana-und-patrick-hochzeiten.de\/wp-content\/uploads\/2021\/07\/IMG_1445-1536x1152.jpeg 1536w, https:\/\/www.diana-und-patrick-hochzeiten.de\/wp-content\/uploads\/2021\/07\/IMG_1445-16x12.jpeg 16w, https:\/\/www.diana-und-patrick-hochzeiten.de\/wp-content\/uploads\/2021\/07\/IMG_1445.jpeg 2038w\" sizes=\"(max-width: 300px) 100vw, 300px\" \/>\t\t\t\t\t\t\t\t\t\t\t\t\t\t\t<\/div>\n\t\t\t\t<\/div>\n\t\t\t\t\t<\/div>\n\t\t<\/div>\n\t\t\t\t<div class=\"elementor-column elementor-col-33 elementor-top-column elementor-element elementor-element-5b52354\" data-id=\"5b52354\" data-element_type=\"column\" data-e-type=\"column\">\n\t\t\t<div class=\"elementor-widget-wrap elementor-element-populated\">\n\t\t\t\t\t\t<div class=\"elementor-element elementor-element-14da841 elementor-widget elementor-widget-image\" data-id=\"14da841\" data-element_type=\"widget\" data-e-type=\"widget\" data-widget_type=\"image.default\">\n\t\t\t\t<div class=\"elementor-widget-container\">\n\t\t\t\t\t\t\t\t\t\t\t\t\t\t\t<img decoding=\"async\" width=\"300\" height=\"225\" src=\"https:\/\/www.diana-und-patrick-hochzeiten.de\/wp-content\/uploads\/2021\/07\/IMG_9209-1-300x225.jpeg\" class=\"attachment-medium size-medium wp-image-430\" alt=\"\" srcset=\"https:\/\/www.diana-und-patrick-hochzeiten.de\/wp-content\/uploads\/2021\/07\/IMG_9209-1-300x225.jpeg 300w, https:\/\/www.diana-und-patrick-hochzeiten.de\/wp-content\/uploads\/2021\/07\/IMG_9209-1-1024x768.jpeg 1024w, https:\/\/www.diana-und-patrick-hochzeiten.de\/wp-content\/uploads\/2021\/07\/IMG_9209-1-768x576.jpeg 768w, https:\/\/www.diana-und-patrick-hochzeiten.de\/wp-content\/uploads\/2021\/07\/IMG_9209-1-1536x1152.jpeg 1536w, https:\/\/www.diana-und-patrick-hochzeiten.de\/wp-content\/uploads\/2021\/07\/IMG_9209-1-16x12.jpeg 16w, https:\/\/www.diana-und-patrick-hochzeiten.de\/wp-content\/uploads\/2021\/07\/IMG_9209-1.jpeg 2048w\" sizes=\"(max-width: 300px) 100vw, 300px\" \/>\t\t\t\t\t\t\t\t\t\t\t\t\t\t\t<\/div>\n\t\t\t\t<\/div>\n\t\t\t\t\t<\/div>\n\t\t<\/div>\n\t\t\t\t<div class=\"elementor-column elementor-col-33 elementor-top-column elementor-element elementor-element-4495da5\" data-id=\"4495da5\" data-element_type=\"column\" data-e-type=\"column\">\n\t\t\t<div class=\"elementor-widget-wrap elementor-element-populated\">\n\t\t\t\t\t\t<div class=\"elementor-element elementor-element-53c22ff elementor-widget elementor-widget-image\" data-id=\"53c22ff\" data-element_type=\"widget\" data-e-type=\"widget\" data-widget_type=\"image.default\">\n\t\t\t\t<div class=\"elementor-widget-container\">\n\t\t\t\t\t\t\t\t\t\t\t\t\t\t\t<img loading=\"lazy\" decoding=\"async\" width=\"300\" height=\"225\" src=\"https:\/\/www.diana-und-patrick-hochzeiten.de\/wp-content\/uploads\/2021\/07\/IMG_8058-300x225.jpg\" class=\"attachment-medium size-medium wp-image-431\" alt=\"\" srcset=\"https:\/\/www.diana-und-patrick-hochzeiten.de\/wp-content\/uploads\/2021\/07\/IMG_8058-300x225.jpg 300w, https:\/\/www.diana-und-patrick-hochzeiten.de\/wp-content\/uploads\/2021\/07\/IMG_8058-1024x768.jpg 1024w, https:\/\/www.diana-und-patrick-hochzeiten.de\/wp-content\/uploads\/2021\/07\/IMG_8058-768x576.jpg 768w, https:\/\/www.diana-und-patrick-hochzeiten.de\/wp-content\/uploads\/2021\/07\/IMG_8058-1536x1152.jpg 1536w, https:\/\/www.diana-und-patrick-hochzeiten.de\/wp-content\/uploads\/2021\/07\/IMG_8058-2048x1536.jpg 2048w, https:\/\/www.diana-und-patrick-hochzeiten.de\/wp-content\/uploads\/2021\/07\/IMG_8058-16x12.jpg 16w\" sizes=\"(max-width: 300px) 100vw, 300px\" \/>\t\t\t\t\t\t\t\t\t\t\t\t\t\t\t<\/div>\n\t\t\t\t<\/div>\n\t\t\t\t\t<\/div>\n\t\t<\/div>\n\t\t\t\t\t<\/div>\n\t\t<\/section>\n\t\t\t\t<\/div>\n\t\t","protected":false},"excerpt":{"rendered":"<p>Am 9. Oktober 2020 haben wir uns in einem Ballon hoch \u00fcber Bad Segeberg verlobt. Unsere Hochzeit m\u00f6chten wir mit euch feiern und wir freuen uns auf ein tolles Wochenende auf der wundersch\u00f6nen Insel Langeoog &#8211; unserer Lieblingsinsel am Timmendorfer Strand &#8211; mit euch! Die standesamtliche Trauung findet bereits einige Tage zuvor im Kreis der <a class=\"read-more\" href=\"https:\/\/www.diana-und-patrick-hochzeiten.de\/de\/\">READ MORE<\/a><\/p>\n","protected":false},"author":1,"featured_media":0,"parent":0,"menu_order":1,"comment_status":"closed","ping_status":"closed","template":"","meta":{"footnotes":""},"class_list":["post-5","page","type-page","status-publish","hentry"],"_links":{"self":[{"href":"https:\/\/www.diana-und-patrick-hochzeiten.de\/de\/wp-json\/wp\/v2\/pages\/5","targetHints":{"allow":["GET"]}}],"collection":[{"href":"https:\/\/www.diana-und-patrick-hochzeiten.de\/de\/wp-json\/wp\/v2\/pages"}],"about":[{"href":"https:\/\/www.diana-und-patrick-hochzeiten.de\/de\/wp-json\/wp\/v2\/types\/page"}],"author":[{"embeddable":true,"href":"https:\/\/www.diana-und-patrick-hochzeiten.de\/de\/wp-json\/wp\/v2\/users\/1"}],"replies":[{"embeddable":true,"href":"https:\/\/www.diana-und-patrick-hochzeiten.de\/de\/wp-json\/wp\/v2\/comments?post=5"}],"version-history":[{"count":139,"href":"https:\/\/www.diana-und-patrick-hochzeiten.de\/de\/wp-json\/wp\/v2\/pages\/5\/revisions"}],"predecessor-version":[{"id":620,"href":"https:\/\/www.diana-und-patrick-hochzeiten.de\/de\/wp-json\/wp\/v2\/pages\/5\/revisions\/620"}],"wp:attachment":[{"href":"https:\/\/www.diana-und-patrick-hochzeiten.de\/de\/wp-json\/wp\/v2\/media?parent=5"}],"curies":[{"name":"wp","href":"https:\/\/api.w.org\/{rel}","templated":true}]}}